{"id":3231,"date":"2024-04-09T11:35:13","date_gmt":"2024-04-09T09:35:13","guid":{"rendered":"https:\/\/www.centredufilmsurlart.com\/?page_id=3231"},"modified":"2024-05-30T11:03:35","modified_gmt":"2024-05-30T09:03:35","slug":"ecoles-scholen","status":"publish","type":"page","link":"https:\/\/www.centredufilmsurlart.com\/en\/ecoles-scholen\/","title":{"rendered":"Schools"},"content":{"rendered":"<p>Envie de faire d\u00e9cou\u00advrir un\u00b7e artiste, un mou\u00adve\u00adment ou une pra\u00adtique artis\u00adtique \u00e0 vos \u00e9l\u00e8ves gr\u00e2ce au cin\u00e9ma&nbsp;?<br>\nNotre col\u00adlec\u00adtions de docu\u00admen\u00adtaires est v\u00e9ri\u00adtable un outil p\u00e9da\u00adgo\u00adgique mis \u00e0 dis\u00adpo\u00adsi\u00adtion des professeur\u00b7e\u00b7s.<\/p>\n<h3><\/h3>\n<h3>Organisation de s\u00e9ances scolaires gratuites<\/h3>\n<p>Le Centre du Film sur l\u2019Art vous per\u00admet \u00e9ga\u00adle\u00adment d\u2019organiser sur demande des s\u00e9ances sco\u00adlaires, tota\u00adle\u00adment gra\u00adtuites, dans la salle de pro\u00adjec\u00adtion de notre par\u00adte\u00adnaire, l\u2019<a href=\"https:\/\/iselp.be\/\">ISELP<\/a>, un centre d\u2019art contem\u00adpo\u00adrain au c\u0153ur de Bruxelles.<\/p>\n<h3><\/h3>\n<h3>Location pour les enseignant\u00b7e\u00b7s<\/h3>\n<div>Un abon\u00adne\u00adment \u00e0 des\u00adti\u00adna\u00adtion des enseignant\u00b7e\u00b7s,&nbsp;\u00e0<a href=\"https:\/\/www.centredufilmsurlart.com\/louer-un-film\/\"> un tarif pr\u00e9\u00adf\u00e9\u00adren\u00adtiel de 40\u20ac\/an<\/a>, donne acc\u00e8s \u00e0 l\u2019int\u00e9gralit\u00e9 de notre cata\u00adlogue ain\u00adsi qu\u2019\u00e0 des conseils per\u00adson\u00adna\u00adli\u00ads\u00e9s pour pr\u00e9\u00adpa\u00adrer vos cours et mon\u00adtrer des films pas\u00adsion\u00adnants \u00e0 vos \u00e9l\u00e8ves.<\/div>\n<div><\/div>\n<div><\/div>\n<h3>Notre s\u00e9lection de films pour vos \u00e9l\u00e8ves<\/h3>\n<p>Des docu\u00admen\u00adtaires sur la musique, pein\u00adture, ani\u00adma\u00adtion, sculp\u00adture, cours et longs, avec ou sans paroles\u2026 D\u00e9couvrez notre s\u00e9lec\u00adtion de films pour vos \u00e9l\u00e8ves en fonc\u00adtion du niveau scolaire&nbsp;!<\/p>\n<h4><strong>Maternelle<\/strong>&nbsp;:<\/h4>\n<div>\n<blockquote class=\"wp-embedded-content\" data-secret=\"qbMumTbRMQ\"><p><a href=\"https:\/\/www.centredufilmsurlart.com\/films\/chromophobia\/\">Chromophobia<\/a><\/p><\/blockquote>\n<p><iframe loading=\"lazy\" class=\"wp-embedded-content\" sandbox=\"allow-scripts\" security=\"restricted\" style=\"position: absolute; clip: rect(1px, 1px, 1px, 1px);\" title=\"\u00ab&nbsp;Chromophobia&nbsp;\u00bb \u2014 Centre du film sur l'art\" src=\"https:\/\/www.centredufilmsurlart.com\/films\/chromophobia\/embed\/#?secret=s5OhaG3rSt#?secret=qbMumTbRMQ\" data-secret=\"qbMumTbRMQ\" width=\"600\" height=\"338\" frameborder=\"0\" marginwidth=\"0\" marginheight=\"0\" scrolling=\"no\"><\/iframe><\/p>\n<\/div>\n<div>\n<blockquote class=\"wp-embedded-content\" data-secret=\"UrFZrU3Zrg\"><p><a href=\"https:\/\/www.centredufilmsurlart.com\/films\/a-colour-box\/\">A Colour Box<\/a><\/p><\/blockquote>\n<p><iframe loading=\"lazy\" class=\"wp-embedded-content\" sandbox=\"allow-scripts\" security=\"restricted\" style=\"position: absolute; clip: rect(1px, 1px, 1px, 1px);\" title=\"\u00ab&nbsp;A Colour Box&nbsp;\u00bb \u2014 Centre du film sur l'art\" src=\"https:\/\/www.centredufilmsurlart.com\/films\/a-colour-box\/embed\/#?secret=Qibe8Lh0nj#?secret=UrFZrU3Zrg\" data-secret=\"UrFZrU3Zrg\" width=\"600\" height=\"338\" frameborder=\"0\" marginwidth=\"0\" marginheight=\"0\" scrolling=\"no\"><\/iframe><\/p>\n<blockquote class=\"wp-embedded-content\" data-secret=\"TYag62VUSY\"><p><a href=\"https:\/\/www.centredufilmsurlart.com\/films\/music-for-one-apartment\/\">Music for one apart\u00adment and Six Drummers<\/a><\/p><\/blockquote>\n<p><iframe loading=\"lazy\" class=\"wp-embedded-content\" sandbox=\"allow-scripts\" security=\"restricted\" style=\"position: absolute; clip: rect(1px, 1px, 1px, 1px);\" title=\"\u00ab&nbsp;Music for one apartment and Six Drummers&nbsp;\u00bb \u2014 Centre du film sur l'art\" src=\"https:\/\/www.centredufilmsurlart.com\/films\/music-for-one-apartment\/embed\/#?secret=1WAnNpdaaF#?secret=TYag62VUSY\" data-secret=\"TYag62VUSY\" width=\"600\" height=\"338\" frameborder=\"0\" marginwidth=\"0\" marginheight=\"0\" scrolling=\"no\"><\/iframe><\/p>\n<\/div>\n<h4><strong>Primaire<\/strong>&nbsp;:<\/h4>\n<blockquote class=\"wp-embedded-content\" data-secret=\"XgyzBZteyW\"><p><a href=\"https:\/\/www.centredufilmsurlart.com\/films\/le-cirque-de-calder\/\">Le Cirque de Calder<\/a><\/p><\/blockquote>\n<p><iframe loading=\"lazy\" class=\"wp-embedded-content\" sandbox=\"allow-scripts\" security=\"restricted\" style=\"position: absolute; clip: rect(1px, 1px, 1px, 1px);\" title=\"\u00ab&nbsp;Le Cirque de Calder&nbsp;\u00bb \u2014 Centre du film sur l'art\" src=\"https:\/\/www.centredufilmsurlart.com\/films\/le-cirque-de-calder\/embed\/#?secret=Ocqqh9fhZc#?secret=XgyzBZteyW\" data-secret=\"XgyzBZteyW\" width=\"600\" height=\"338\" frameborder=\"0\" marginwidth=\"0\" marginheight=\"0\" scrolling=\"no\"><\/iframe><\/p>\n<blockquote class=\"wp-embedded-content\" data-secret=\"vUkRtEDqlU\"><p><a href=\"https:\/\/www.centredufilmsurlart.com\/films\/cest-assez-bien-detre-fou-2\/\">C\u2019est assez bien d\u2019\u00eatre fou<\/a><\/p><\/blockquote>\n<p><iframe loading=\"lazy\" class=\"wp-embedded-content\" sandbox=\"allow-scripts\" security=\"restricted\" style=\"position: absolute; clip: rect(1px, 1px, 1px, 1px);\" title=\"\u00ab&nbsp;C\u2019est assez bien d\u2019\u00eatre fou&nbsp;\u00bb \u2014 Centre du film sur l'art\" src=\"https:\/\/www.centredufilmsurlart.com\/films\/cest-assez-bien-detre-fou-2\/embed\/#?secret=VtH6KxKU9F#?secret=vUkRtEDqlU\" data-secret=\"vUkRtEDqlU\" width=\"600\" height=\"338\" frameborder=\"0\" marginwidth=\"0\" marginheight=\"0\" scrolling=\"no\"><\/iframe><\/p>\n<div>\n<blockquote class=\"wp-embedded-content\" data-secret=\"TYag62VUSY\"><p><a href=\"https:\/\/www.centredufilmsurlart.com\/films\/music-for-one-apartment\/\">Music for one apart\u00adment and Six Drummers<\/a><\/p><\/blockquote>\n<p><iframe loading=\"lazy\" class=\"wp-embedded-content\" sandbox=\"allow-scripts\" security=\"restricted\" style=\"position: absolute; clip: rect(1px, 1px, 1px, 1px);\" title=\"\u00ab&nbsp;Music for one apartment and Six Drummers&nbsp;\u00bb \u2014 Centre du film sur l'art\" src=\"https:\/\/www.centredufilmsurlart.com\/films\/music-for-one-apartment\/embed\/#?secret=1WAnNpdaaF#?secret=TYag62VUSY\" data-secret=\"TYag62VUSY\" width=\"600\" height=\"338\" frameborder=\"0\" marginwidth=\"0\" marginheight=\"0\" scrolling=\"no\"><\/iframe><\/p>\n<\/div>\n<h2><strong>Secondaire<\/strong>&nbsp;:<\/h2>\n<blockquote class=\"wp-embedded-content\" data-secret=\"z4KCNmRChl\"><p><a href=\"https:\/\/www.centredufilmsurlart.com\/films\/one-million-step\/\">One Million Steps<\/a><\/p><\/blockquote>\n<p><iframe loading=\"lazy\" class=\"wp-embedded-content\" sandbox=\"allow-scripts\" security=\"restricted\" style=\"position: absolute; clip: rect(1px, 1px, 1px, 1px);\" title=\"\u00ab&nbsp;One Million Steps&nbsp;\u00bb \u2014 Centre du film sur l'art\" src=\"https:\/\/www.centredufilmsurlart.com\/films\/one-million-step\/embed\/#?secret=W5ybiLalPV#?secret=z4KCNmRChl\" data-secret=\"z4KCNmRChl\" width=\"600\" height=\"338\" frameborder=\"0\" marginwidth=\"0\" marginheight=\"0\" scrolling=\"no\"><\/iframe><\/p>\n<blockquote class=\"wp-embedded-content\" data-secret=\"ddjZZ3hfuA\"><p><a href=\"https:\/\/www.centredufilmsurlart.com\/films\/la-maison-de-jean-pierre-raynaud-1969-1993\/\">La Maison de Jean-Pierre Raynaud (1969\u200a\u2013\u200a1993)<\/a><\/p><\/blockquote>\n<p><iframe loading=\"lazy\" class=\"wp-embedded-content\" sandbox=\"allow-scripts\" security=\"restricted\" style=\"position: absolute; clip: rect(1px, 1px, 1px, 1px);\" title=\"\u00ab&nbsp;La Maison de Jean-Pierre Raynaud (1969-1993)&nbsp;\u00bb \u2014 Centre du film sur l'art\" src=\"https:\/\/www.centredufilmsurlart.com\/films\/la-maison-de-jean-pierre-raynaud-1969-1993\/embed\/#?secret=nRPrhcL1Pn#?secret=ddjZZ3hfuA\" data-secret=\"ddjZZ3hfuA\" width=\"600\" height=\"338\" frameborder=\"0\" marginwidth=\"0\" marginheight=\"0\" scrolling=\"no\"><\/iframe><\/p>\n<blockquote class=\"wp-embedded-content\" data-secret=\"vUkRtEDqlU\"><p><a href=\"https:\/\/www.centredufilmsurlart.com\/films\/cest-assez-bien-detre-fou-2\/\">C\u2019est assez bien d\u2019\u00eatre fou<\/a><\/p><\/blockquote>\n<p><iframe loading=\"lazy\" class=\"wp-embedded-content\" sandbox=\"allow-scripts\" security=\"restricted\" style=\"position: absolute; clip: rect(1px, 1px, 1px, 1px);\" title=\"\u00ab&nbsp;C\u2019est assez bien d\u2019\u00eatre fou&nbsp;\u00bb \u2014 Centre du film sur l'art\" src=\"https:\/\/www.centredufilmsurlart.com\/films\/cest-assez-bien-detre-fou-2\/embed\/#?secret=VtH6KxKU9F#?secret=vUkRtEDqlU\" data-secret=\"vUkRtEDqlU\" width=\"600\" height=\"338\" frameborder=\"0\" marginwidth=\"0\" marginheight=\"0\" scrolling=\"no\"><\/iframe><\/p>\n<div><\/div>\n<p><\/p>","protected":false},"excerpt":{"rendered":"<p>Envie de faire d\u00e9cou\u00advrir un\u00b7e artiste, un mou\u00adve\u00adment ou une pra\u00adtique artis\u00adtique \u00e0 vos \u00e9l\u00e8ves gr\u00e2ce au cin\u00e9\u00adma&nbsp;? Notre col\u00adlec\u00adtions de docu\u00admen\u00adtaires est v\u00e9ri\u00adtable un outil p\u00e9da\u00adgo\u00adgique mis \u00e0 dis\u00adpo\u00adsi\u00adtion des professeur\u00b7e\u00b7s. Organisation de s\u00e9ances sco\u00adlaires gra\u00adtuites Le Centre du Film sur l\u2019Art vous per\u00admet \u00e9ga\u00adle\u00adment d\u2019organiser sur demande des s\u00e9ances sco\u00adlaires, tota\u00adle\u00adment gra\u00adtuites, dans&nbsp;[\u2026]<\/p>\n","protected":false},"author":2,"featured_media":0,"parent":0,"menu_order":0,"comment_status":"closed","ping_status":"closed","template":"fullwidth.php","meta":{"wp_typography_post_enhancements_disabled":false,"footnotes":""},"class_list":["post-3231","page","type-page","status-publish","hentry"],"_links":{"self":[{"href":"https:\/\/www.centredufilmsurlart.com\/en\/wp-json\/wp\/v2\/pages\/3231"}],"collection":[{"href":"https:\/\/www.centredufilmsurlart.com\/en\/wp-json\/wp\/v2\/pages"}],"about":[{"href":"https:\/\/www.centredufilmsurlart.com\/en\/wp-json\/wp\/v2\/types\/page"}],"author":[{"embeddable":true,"href":"https:\/\/www.centredufilmsurlart.com\/en\/wp-json\/wp\/v2\/users\/2"}],"replies":[{"embeddable":true,"href":"https:\/\/www.centredufilmsurlart.com\/en\/wp-json\/wp\/v2\/comments?post=3231"}],"version-history":[{"count":42,"href":"https:\/\/www.centredufilmsurlart.com\/en\/wp-json\/wp\/v2\/pages\/3231\/revisions"}],"predecessor-version":[{"id":3684,"href":"https:\/\/www.centredufilmsurlart.com\/en\/wp-json\/wp\/v2\/pages\/3231\/revisions\/3684"}],"wp:attachment":[{"href":"https:\/\/www.centredufilmsurlart.com\/en\/wp-json\/wp\/v2\/media?parent=3231"}],"curies":[{"name":"wp","href":"https:\/\/api.w.org\/{rel}","templated":true}]}}